{"id":279,"date":"2018-11-06T17:15:15","date_gmt":"2018-11-06T17:15:15","guid":{"rendered":"https:\/\/www.ata-divisions.org\/AVD\/?page_id=279"},"modified":"2019-12-16T16:44:58","modified_gmt":"2019-12-16T16:44:58","slug":"monthly-meetings-minutes","status":"publish","type":"page","link":"https:\/\/www.ata-divisions.org\/AVD\/monthly-meetings-minutes\/","title":{"rendered":"Monthly Meetings Minutes"},"content":{"rendered":"<h3>December 14, 2019<\/h3>\n<h4>Attendees: Ana Lis Salotti, Catalina Espinoza, Britta Noack, Luc\u00eda Hern\u00e1ndez, Deborah Wexler.<\/h4>\n<h4>Subjects discussed:<\/h4>\n<ol>\n<li>Welcome to new members, email addresses, and access to information<\/li>\n<li>Mentoring program developments, status, and guidelines<\/li>\n<li>Website developments<\/li>\n<li>Social media up-to-speed<\/li>\n<li>Professional develpment video series update<\/li>\n<li>Meetup ideas<\/li>\n<li>Publication update &#8211; next issue<\/li>\n<li>Forum migration to Group.io<\/li>\n<li>Next Leadership Council meeting will be on February 8th, 2020, time TBD.<\/li>\n<\/ol>\n<h3><\/h3>\n<h3>June 8, 2019<\/h3>\n<h4>Attendees: Mara Campbell, Victoria M\u00e9ndez, Britta Noack, Deborah Wexler, Gabriela G. Meade, Michelle Bradley<\/h4>\n<h4>Subjects discussed:<\/h4>\n<ol>\n<li>Social media update.<\/li>\n<li>Mentoring program update.<\/li>\n<li>Professional development update.<\/li>\n<li>Deep Focus, June.<\/li>\n<li>Next Leadership Council meeting will be the second Saturday the month: July 13<sup>th<\/sup> at 9:30 a.m. PST.<\/li>\n<\/ol>\n<p>&nbsp;<\/p>\n<h3>May 11, 2019<\/h3>\n<h4>Attendees: Maria Delgado, Britta Noack, Fernanda Brandao-Galea, Sophie C\u00e9neray, Michelle Bradley, Ana Lis Salotti, Mara Campbell<\/h4>\n<ol>\n<li>Social media update.<\/li>\n<li>Mentoring program update.<\/li>\n<li>Professional development update.<\/li>\n<li>Forum update.<\/li>\n<li>Public relations update. ATA Conference.<\/li>\n<li>Next Leadership Council meeting will be the second Saturday the month: June 8<sup>th<\/sup> at 9:30 a.m. PST.<\/li>\n<\/ol>\n<p>&nbsp;<\/p>\n<h3>April 13, 2019<\/h3>\n<h4>Attendees: Mara Campbell, Sophie C\u00e9neray, Victoria M\u00e9ndez, Britta Noack, Deborah Wexler<\/h4>\n<ol>\n<li>Mentoring program update. Guidelines.<\/li>\n<li>Social media update.<\/li>\n<li>Professional development update. Basic series. Announcements.<\/li>\n<li>International monthly meetups update. Plans for ATA 60 events.<\/li>\n<li>Deep Focus, June. Announcements.<\/li>\n<li>Forum update.<\/li>\n<li>Next Leadership Council meeting will be the second Saturday the month: May 11<sup>th<\/sup>at 9:30 a.m. PST.<\/li>\n<\/ol>\n<p>&nbsp;<\/p>\n<h3>March 9, 2019<\/h3>\n<h4>Attendees: Michelle Bradley, Fernanda Brandao-Galea, Mara Campbell, Sophie C\u00e9neray, Mar\u00eda Delgado, Ana G. Meade, Victoria M\u00e9ndez, Britta Noack, Deborah Wexler<\/h4>\n<ol>\n<li><strong>\u00a0<\/strong>Mentoring program update.<\/li>\n<li>Professional development update. Basic series status.<\/li>\n<li>International monthly meetups update.<\/li>\n<li>Deep Focus, June edition, articles and proofreading schedule.<\/li>\n<li>Forum update.<\/li>\n<li>Social media update.<\/li>\n<li>Next Leadership Council meeting will be the second Saturday the month: April 13<sup>th<\/sup> at 9:30 a.m. PST.<\/li>\n<\/ol>\n<p>&nbsp;<\/p>\n<h3>February 9, 2019<\/h3>\n<h4>Attendees: Ana G. Meade, Mara Campbell, Britta Noack, Fernanda Brandao-Galea, Deborah Wexler<\/h4>\n<h4>Subjects discussed:<\/h4>\n<ol>\n<li>Forum update.<\/li>\n<li>Social media update.<\/li>\n<li>Mentoring program update.<\/li>\n<li>International monthly meetups update.<\/li>\n<li>Professional development update. Basic series.<\/li>\n<li><em>Deep Focus<\/em>, March edition update.<\/li>\n<li>Distinguished speaker nominated for ATA60.<\/li>\n<li>Speaker proposal submissions deadline for ATA60.<\/li>\n<li>Next Leadership Council meeting will be the second Saturday of the month: March 9th.<\/li>\n<\/ol>\n<p>&nbsp;<\/p>\n<h3>January 12, 2019<\/h3>\n<h4>Atendees: Sophie C\u00e9neray, Ana G. Meade, Ana Salotti, Michelle Bradley, Mara Campbell, Deborah Wexler<\/h4>\n<h4>Subjects discussed:<\/h4>\n<ol>\n<li>Approved and posted the Annual Meeting minutes.<\/li>\n<li>Reviewed the changes to the Division Handbook.<\/li>\n<li>AVD Board Report submitted.<\/li>\n<li>Activities to foster forum participation.<\/li>\n<li><em>Deep Focus<\/em>, March edition.<\/li>\n<li>Distinguished speaker for ATA 60.<\/li>\n<li>Speaker proposal submissions request for ATA 60.<\/li>\n<li>International monthly Meetups in different cities.<\/li>\n<li>Mentoring program status.<\/li>\n<li>Leadership Council monthly meetings will be the second Saturday of every month at 9:30 a.m. PST. Next meeting will be on February 9th.<\/li>\n<\/ol>\n<p>&nbsp;<\/p>\n<h3>December 9, 2018<\/h3>\n<h4>Subjects discussed:<\/h4>\n<ol>\n<li>March newsletter articles.<\/li>\n<li>Mentoring program is on hold pending ATA authorization.<\/li>\n<li>Social Media Coordination will switch hands.<\/li>\n<li>Meetup in February in Seattle.<\/li>\n<li>Zoho training for webinars and meetings.<\/li>\n<li>Dates for the basic series webinars.<\/li>\n<li>Options for ATA 60 distinguished speakers.<\/li>\n<li>Next LC meeting, Sunday, January 13, 10:00 PST.<\/li>\n<\/ol>\n<p>&nbsp;<\/p>\n<h3>November 4, 2018<\/h3>\n<h4>Subjects discussed:<\/h4>\n<ol>\n<li>Deep Focus publication.<\/li>\n<li>Meetup in North Hollywood.<\/li>\n<li>Software series, column.<\/li>\n<li>Leadership training in ATA 59.<\/li>\n<li>Mentoring program, guidelines.<\/li>\n<li>Professional Development: six basic series webinars.<\/li>\n<li>Next LC meeting, Sunday, December 9, 9:00 PST.<\/li>\n<\/ol>\n","protected":false},"excerpt":{"rendered":"<p>December 14, 2019 Attendees: Ana Lis Salotti, Catalina Espinoza, Britta Noack, Luc\u00eda Hern\u00e1ndez, Deborah Wexler. Subjects discussed: Welcome to new members, email addresses, and access to information Mentoring program developments, status, and guidelines Website developments Social media up-to-speed Professional develpment video series update Meetup ideas Publication update &#8211; next issue Forum migration to Group.io Next [&hellip;]<\/p>\n","protected":false},"author":3,"featured_media":0,"parent":0,"menu_order":0,"comment_status":"closed","ping_status":"closed","template":"","meta":{"_monsterinsights_skip_tracking":false,"_monsterinsights_sitenote_active":false,"_monsterinsights_sitenote_note":"","_monsterinsights_sitenote_category":0,"_genesis_hide_title":false,"_genesis_hide_breadcrumbs":false,"_genesis_hide_singular_image":false,"_genesis_hide_footer_widgets":false,"_genesis_custom_body_class":"","_genesis_custom_post_class":"","_genesis_layout":"","footnotes":""},"_links":{"self":[{"href":"https:\/\/www.ata-divisions.org\/AVD\/wp-json\/wp\/v2\/pages\/279"}],"collection":[{"href":"https:\/\/www.ata-divisions.org\/AVD\/wp-json\/wp\/v2\/pages"}],"about":[{"href":"https:\/\/www.ata-divisions.org\/AVD\/wp-json\/wp\/v2\/types\/page"}],"author":[{"embeddable":true,"href":"https:\/\/www.ata-divisions.org\/AVD\/wp-json\/wp\/v2\/users\/3"}],"replies":[{"embeddable":true,"href":"https:\/\/www.ata-divisions.org\/AVD\/wp-json\/wp\/v2\/comments?post=279"}],"version-history":[{"count":8,"href":"https:\/\/www.ata-divisions.org\/AVD\/wp-json\/wp\/v2\/pages\/279\/revisions"}],"predecessor-version":[{"id":870,"href":"https:\/\/www.ata-divisions.org\/AVD\/wp-json\/wp\/v2\/pages\/279\/revisions\/870"}],"wp:attachment":[{"href":"https:\/\/www.ata-divisions.org\/AVD\/wp-json\/wp\/v2\/media?parent=279"}],"curies":[{"name":"wp","href":"https:\/\/api.w.org\/{rel}","templated":true}]}}