{"id":865,"date":"2019-12-16T16:30:59","date_gmt":"2019-12-16T16:30:59","guid":{"rendered":"https:\/\/www.ata-divisions.org\/AVD\/?page_id=865"},"modified":"2023-09-09T16:00:25","modified_gmt":"2023-09-09T16:00:25","slug":"acknowledgements","status":"publish","type":"page","link":"https:\/\/www.ata-divisions.org\/AVD\/about-us\/acknowledgements\/","title":{"rendered":"Acknowledgements"},"content":{"rendered":"<h3>Our deepest gratitude to former members of our Leadership Council!<\/h3>\n<p>Fernanda Brand<strong>\u00e3<\/strong>o-Galea, Professional Development Coordinator, 2018-2019<\/p>\n<p>Michelle Bradley, Newsletter Proofreader, 2018-2019<\/p>\n<p>Sophie C\u00e9neray, Public Relations Coordinator, 2018-2019<\/p>\n<p>Victoria M\u00e9ndez, Social Media Coordinator, 2018-2019<\/p>\n<p>Ana Lis Salotti, Assistant Administrator, 2018-2020<\/p>\n<p>Catalina Espinoza, Social Media Coordinator, 2019-2020<\/p>\n<p>A\u00edda Carrazco, <em>Deep Focus<\/em> Submissions Coordinator, 2019-2020<\/p>\n<p>Mar\u00eda Delgado, Forum Moderator, 2018-2021<\/p>\n<p>Fl\u00e1via Fusaro, Public Relations Coordinator, 2020-2021<\/p>\n<p>Charo Weller, Public Relations Coordinator, 2021-2022<\/p>\n<p>Mara Campbell, Assistant Administrator, 2020-2023<\/p>\n","protected":false},"excerpt":{"rendered":"<p>Our deepest gratitude to former members of our Leadership Council! Fernanda Brand\u00e3o-Galea, Professional Development Coordinator, 2018-2019 Michelle Bradley, Newsletter Proofreader, 2018-2019 Sophie C\u00e9neray, Public Relations Coordinator, 2018-2019 Victoria M\u00e9ndez, Social Media Coordinator, 2018-2019 Ana Lis Salotti, Assistant Administrator, 2018-2020 Catalina Espinoza, Social Media Coordinator, 2019-2020 A\u00edda Carrazco, Deep Focus Submissions Coordinator, 2019-2020 Mar\u00eda Delgado, Forum [&hellip;]<\/p>\n","protected":false},"author":3,"featured_media":0,"parent":11,"menu_order":0,"comment_status":"closed","ping_status":"closed","template":"","meta":{"_monsterinsights_skip_tracking":false,"_monsterinsights_sitenote_active":false,"_monsterinsights_sitenote_note":"","_monsterinsights_sitenote_category":0,"_genesis_hide_title":false,"_genesis_hide_breadcrumbs":false,"_genesis_hide_singular_image":false,"_genesis_hide_footer_widgets":false,"_genesis_custom_body_class":"","_genesis_custom_post_class":"","_genesis_layout":"","footnotes":""},"_links":{"self":[{"href":"https:\/\/www.ata-divisions.org\/AVD\/wp-json\/wp\/v2\/pages\/865"}],"collection":[{"href":"https:\/\/www.ata-divisions.org\/AVD\/wp-json\/wp\/v2\/pages"}],"about":[{"href":"https:\/\/www.ata-divisions.org\/AVD\/wp-json\/wp\/v2\/types\/page"}],"author":[{"embeddable":true,"href":"https:\/\/www.ata-divisions.org\/AVD\/wp-json\/wp\/v2\/users\/3"}],"replies":[{"embeddable":true,"href":"https:\/\/www.ata-divisions.org\/AVD\/wp-json\/wp\/v2\/comments?post=865"}],"version-history":[{"count":8,"href":"https:\/\/www.ata-divisions.org\/AVD\/wp-json\/wp\/v2\/pages\/865\/revisions"}],"predecessor-version":[{"id":1715,"href":"https:\/\/www.ata-divisions.org\/AVD\/wp-json\/wp\/v2\/pages\/865\/revisions\/1715"}],"up":[{"embeddable":true,"href":"https:\/\/www.ata-divisions.org\/AVD\/wp-json\/wp\/v2\/pages\/11"}],"wp:attachment":[{"href":"https:\/\/www.ata-divisions.org\/AVD\/wp-json\/wp\/v2\/media?parent=865"}],"curies":[{"name":"wp","href":"https:\/\/api.w.org\/{rel}","templated":true}]}}