{"id":4787,"date":"2026-04-30T22:07:19","date_gmt":"2026-04-30T22:07:19","guid":{"rendered":"https:\/\/www.ata-divisions.org\/FLD\/?page_id=4787"},"modified":"2026-05-01T01:48:06","modified_gmt":"2026-05-01T01:48:06","slug":"resources","status":"publish","type":"page","link":"https:\/\/www.ata-divisions.org\/FLD\/resources\/","title":{"rendered":"Resources"},"content":{"rendered":"<p>The FLD is committed to providing information to its members in specific fields of interest related to translation and\/or interpretation into or from French. Do you have a resource you\u2019d like to share? Email us at: divisionFLD [at] atanet [dot] org.<\/p>\n<hr \/>\n<h2 style=\"text-align: center;\"><strong>Looking for a French Interpreter or Translator?<\/strong><\/h2>\n<p><a href=\"https:\/\/www.atanet.org\/directory\/\" target=\"_blank\" rel=\"noopener\">Consult the ATA&#8217;s directory here<\/a>.<\/p>\n<p>First-time needing translation or interpretation services? <a href=\"https:\/\/www.atanet.org\/client-assistance\/buying-language-services\/\" target=\"_blank\" rel=\"noopener\">Check out this guide<\/a>.<\/p>\n<hr \/>\n<header class=\"entry-header\">\n<h2 class=\"entry-title\" style=\"text-align: center;\">Grants and Prizes for French &lt;&gt; English Translators and Interpreters<\/h2>\n<\/header>\n<div class=\"entry-content\">\n<p><a href=\"https:\/\/albertinefoundation.org\/albertine-grants\/albertine-translation\/\" target=\"_blank\" rel=\"noopener\"><strong>ALBERTINE TRANSLATION FUND &amp; PRIZE<\/strong><\/a><br \/>\nThe Albertine Translation Fund &amp; Prize (formerly known as the French Voices Awards) rewards both American translators and publishers for translations of works that have been published in France in the last 10 years. Recipients are selected by a committee of independent professional experts. Each awarded book receives $2,000 toward publishing expenses, plus up to 50% of translation costs, capped at $5,000. Each year, the committee also selects one book to be awarded the Albertine Translation Prize, which receives $5,000 to be allocated to the translator. For more information, visit their website.<\/p>\n<p><a href=\"https:\/\/villa-albertine.org\/va\/professionals\/acquisition-rights\/\" target=\"_blank\" rel=\"noopener\"><strong>ACQUISITION OF RIGHTS GRANTS<\/strong><\/a><br \/>\nVilla Albertine and the Institut Fran\u00e7ais help American publishers offset the cost of acquiring the rights to French works. Grant beneficiaries are selected by the Institut Fran\u00e7ais. The amount awarded cannot exceed the amount of the advance paid to the French publisher for the acquisition of rights and varies from \u20ac500 to \u20ac5,000.<\/p>\n<p><a href=\"https:\/\/pen.org\/literary-grants\/pen-heim-grants\/\" target=\"_blank\" rel=\"noopener\"><strong>PEN\/HEIM TRANSLATION FUND GRANTS<\/strong><\/a><br \/>\nThe PEN\/Heim Translation Fund promotes the publication and reception of translated international literature in English through grants.<\/p>\n<\/div>\n<hr \/>\n<h2 style=\"text-align: center;\">French Newspapers and Magazines<\/h2>\n<p><a href=\"https:\/\/www.lemonde.fr\/?preferred_lang=fr\" target=\"_blank\" rel=\"noopener\">Le Monde<\/a><br \/>\n<a href=\"https:\/\/www.france24.com\/fr\/\" target=\"_blank\" rel=\"noopener\">France24<\/a><br \/>\n<a href=\"https:\/\/www.liberation.fr\/\" target=\"_blank\" rel=\"noopener\">Lib\u00e9ration<\/a><br \/>\n<a href=\"https:\/\/www.telerama.fr\/\" target=\"_blank\" rel=\"noopener\">T\u00e9l\u00e9rama<\/a><br \/>\n<a href=\"https:\/\/www.lexpress.fr\/\" target=\"_blank\" rel=\"noopener\">L&#8217;Express<\/a><br \/>\n<a href=\"https:\/\/www.ledevoir.com\/\" target=\"_blank\" rel=\"noopener\">Le Devoir<\/a> (de Montr\u00e9al)<br \/>\n<a href=\"https:\/\/www.lesoleil.com\/\" target=\"_blank\" rel=\"noopener\">Le Soleil<\/a> (du Qu\u00e9bec)<br \/>\n<a href=\"https:\/\/www.lesaffaires.com\/\" target=\"_blank\" rel=\"noopener\">Les Affaires<\/a> (hebdomadaire de Montr\u00e9al consacr\u00e9 aux affaires)<\/p>\n<hr \/>\n<h2 style=\"text-align: center;\">French Television and Videos<\/h2>\n<p><a href=\"https:\/\/www.tf1.fr\/\" target=\"_blank\" rel=\"noopener\">TF1<\/a><br \/>\n<a href=\"https:\/\/www.france.tv\/france-2\/\" target=\"_blank\" rel=\"noopener\">France 2<\/a><br \/>\n<a href=\"https:\/\/www.france.tv\/france-3\/\" target=\"_blank\" rel=\"noopener\">France 3<\/a><br \/>\n<a href=\"https:\/\/www.canalplus.com\/\" target=\"_blank\" rel=\"noopener\">Canal+<\/a><br \/>\n<a href=\"https:\/\/www.arte.tv\/fr\/\" target=\"_blank\" rel=\"noopener\">Arte<\/a><br \/>\n<a href=\"https:\/\/www.tv5monde.com\/\" target=\"_blank\" rel=\"noopener\">TV5<\/a><br \/>\n<a href=\"https:\/\/www.youtube.com\/user\/albarock\" target=\"_blank\" rel=\"noopener\">Albarock<\/a> (FLD members like their cooking videos on YouTube)<\/p>\n<hr \/>\n<h2 style=\"text-align: center;\"><strong>French Podcasts and Radio Stations<\/strong><\/h2>\n<p><strong>France<\/strong><br \/>\n<em>Radio<\/em><br \/>\n<a href=\"https:\/\/www.radiofrance.fr\/\" target=\"_blank\" rel=\"noopener\">Radio France<\/a><br \/>\n<a href=\"https:\/\/www.rtl.fr\/\" target=\"_blank\" rel=\"noopener\">RTL<\/a><br \/>\n<a href=\"https:\/\/www.europe1.fr\/direct-audio\" target=\"_blank\" rel=\"noopener\">Europe 1<\/a><br \/>\n<em>Podcast<\/em><br \/>\n<a href=\"https:\/\/frenchspin.fr\/\" target=\"_blank\" rel=\"noopener\">Frenchspin<\/a> (talks about technology, games, superheroes, and much more with <a href=\"https:\/\/frenchspin.fr\/category\/positron\/\" target=\"_blank\" rel=\"noopener\">Positron<\/a>)<br \/>\n<a href=\"https:\/\/podcasts.apple.com\/us\/channel\/france-inter\/id6442484370\" target=\"_blank\" rel=\"noopener\">France Inter<\/a> (has a number of podcasts to choose from, which discuss everything from news and history to society and culture)<br \/>\n<a href=\"https:\/\/podcasts.apple.com\/us\/channel\/france-culture\/id6442484175\" target=\"_blank\" rel=\"noopener\">France Culture<\/a> (has a number of podcasts to choose from that discuss everything from science and philosophy to books and history)<br \/>\n<a href=\"https:\/\/podcasts.apple.com\/us\/podcast\/la-le%C3%A7on-le-podcast-sur-lart-d%C3%A9chouer\/id1365852206\" target=\"_blank\" rel=\"noopener\">La Le\u00e7on<\/a> (a podcast where various guests talk about moments in their life where they experienced failure and the lessons they learned)<br \/>\n<a href=\"https:\/\/podcasts.apple.com\/us\/podcast\/french-expat-un-podcast-de-french-morning-par\/id1481920701\" target=\"_blank\" rel=\"noopener\">French Expat<\/a> (a podcast about French expats and their experiences living abroad)<br \/>\n<a href=\"https:\/\/podcasts.apple.com\/us\/podcast\/les-baladeurs\/id1388330691\" target=\"_blank\" rel=\"noopener\">Les Baladeurs<\/a> (for anyone who enjoys hearing about adventures in nature)<br \/>\n<a href=\"https:\/\/podcasts.apple.com\/us\/podcast\/transfert\/id1567870398\" target=\"_blank\" rel=\"noopener\">Transfert<\/a> (for those who love stories that are exciting, touching, funny, sad, and everything in between)<br \/>\n<a href=\"https:\/\/podcasts.apple.com\/us\/podcast\/nota-bene\/id1573434643\" target=\"_blank\" rel=\"noopener\">Nota Bene<\/a> (for history-lovers)<\/p>\n<p><strong>Canada<\/strong><br \/>\n<em>Radio<\/em><br \/>\n<a href=\"https:\/\/ici.radio-canada.ca\/\" target=\"_blank\" rel=\"noopener\">Radio Canada<\/a><br \/>\n<em>Podcast<\/em><br \/>\n<a href=\"https:\/\/podcasts.apple.com\/us\/channel\/radio-canada-votre-radio\/id6442510765\" target=\"_blank\" rel=\"noopener\">Radio Canada<\/a> (has many different podcasts to choose from which cover a range of subjects from history and news to science and technology)<\/p>\n<hr \/>\n<h2 style=\"text-align: center;\">Other Associations of Translators and Interpreters<\/h2>\n<p><strong>France<\/strong><br \/>\n<a href=\"https:\/\/en.fit-ift.org\/\" target=\"_blank\" rel=\"noopener\">F\u00e9d\u00e9ration internationale des traducteurs (FIT)<\/a><br \/>\n<a href=\"https:\/\/www.sft.fr\/fr\/\" target=\"_blank\" rel=\"noopener\">Soci\u00e9t\u00e9 fran\u00e7aise des traducteurs (SFT)<\/a><\/p>\n<p><strong>USA<\/strong><br \/>\n<a href=\"https:\/\/catiweb.org\/\" target=\"_blank\" rel=\"noopener\">Carolina Association of Translators &amp; Interpreters (CATI)<\/a><br \/>\n<a href=\"https:\/\/citacolorado.org\/\" target=\"_blank\" rel=\"noopener\">Colorado Interpreters &amp; Translators Association (CITA)<\/a><br \/>\n<a href=\"https:\/\/capitnet.org\/\" target=\"_blank\" rel=\"noopener\">California Association of Professional Interpreters and Translators (CAPIT)<\/a><br \/>\n<a href=\"https:\/\/www.nyctranslators.org\/\" target=\"_blank\" rel=\"noopener\">New York City Translators Association (NYCT)<\/a><br \/>\n<a href=\"https:\/\/ncata.org\/\" target=\"_blank\" rel=\"noopener\">National Capital Area Translators Association (NCATA)<\/a><br \/>\n<a href=\"https:\/\/www.notisnet.org\/\" target=\"_blank\" rel=\"noopener\">Northwest Translators &amp; Interpreters Society (NOTIS)<\/a><\/p>\n<p><strong>Canada<\/strong><br \/>\n<a href=\"https:\/\/ottiaq.org\/\" target=\"_blank\" rel=\"noopener\">Ordre des traducteurs et interpr\u00e8tes agr\u00e9\u00e9s du Qu\u00e9bec (OTTIAQ)<\/a><br \/>\n<a href=\"https:\/\/atio.on.ca\/?lang=fr\" target=\"_blank\" rel=\"noopener\">Association des traducteurs et interpr\u00e8tes de l&#8217;Ontario (ATIO)<\/a><\/p>\n<hr \/>\n<h2 style=\"text-align: center;\"><strong>The American Translators Association (ATA)<\/strong><\/h2>\n<p>The <a href=\"https:\/\/www.atanet.org\/\" target=\"_blank\" rel=\"noopener noreferrer\">American Translators Association<\/a> (ATA) is a professional association founded to advance the translation and interpreting professions and foster the professional development of individual translators and interpreters. Its 11,000 members in more than 90 countries include translators, interpreters, teachers, project managers, web and software developers, language company owners, hospitals, universities, and government agencies.<\/p>\n<p>Association membership is available to individuals (Active, Corresponding, Associate, Student) and organizations (Corporate, Institutional).<\/p>\n<p>ATA offers a variety of programs, benefits, and support services. Membership in the <a title=\"Bienvenue!\" href=\"https:\/\/www.ata-divisions.org\/FLD\/\" target=\"_blank\" rel=\"noopener\">French Language Division<\/a> is one of these benefits. For more information about becoming a member of the ATA, <a href=\"https:\/\/www.atanet.org\/member-center\/\" target=\"_blank\" rel=\"noopener\">click here.<\/a><\/p>\n","protected":false},"excerpt":{"rendered":"<p>The FLD is committed to providing information to its members in specific fields of interest related to translation and\/or interpretation into or from French. Do you have a resource you\u2019d like to share? Email us at: divisionFLD [at] atanet [dot] org. Looking for a French Interpreter or Translator? Consult the ATA&#8217;s directory here. First-time needing &hellip; <a href=\"https:\/\/www.ata-divisions.org\/FLD\/resources\/\" class=\"more-link\">Continue reading <span class=\"screen-reader-text\">Resources<\/span><\/a><\/p>\n","protected":false},"author":5,"featured_media":0,"parent":0,"menu_order":0,"comment_status":"closed","ping_status":"closed","template":"","meta":{"footnotes":""},"class_list":["post-4787","page","type-page","status-publish","hentry"],"jetpack_sharing_enabled":true,"_links":{"self":[{"href":"https:\/\/www.ata-divisions.org\/FLD\/wp-json\/wp\/v2\/pages\/4787","targetHints":{"allow":["GET"]}}],"collection":[{"href":"https:\/\/www.ata-divisions.org\/FLD\/wp-json\/wp\/v2\/pages"}],"about":[{"href":"https:\/\/www.ata-divisions.org\/FLD\/wp-json\/wp\/v2\/types\/page"}],"author":[{"embeddable":true,"href":"https:\/\/www.ata-divisions.org\/FLD\/wp-json\/wp\/v2\/users\/5"}],"replies":[{"embeddable":true,"href":"https:\/\/www.ata-divisions.org\/FLD\/wp-json\/wp\/v2\/comments?post=4787"}],"version-history":[{"count":5,"href":"https:\/\/www.ata-divisions.org\/FLD\/wp-json\/wp\/v2\/pages\/4787\/revisions"}],"predecessor-version":[{"id":5013,"href":"https:\/\/www.ata-divisions.org\/FLD\/wp-json\/wp\/v2\/pages\/4787\/revisions\/5013"}],"wp:attachment":[{"href":"https:\/\/www.ata-divisions.org\/FLD\/wp-json\/wp\/v2\/media?parent=4787"}],"curies":[{"name":"wp","href":"https:\/\/api.w.org\/{rel}","templated":true}]}}