{"id":36,"date":"2017-02-11T16:48:00","date_gmt":"2017-02-11T16:48:00","guid":{"rendered":"https:\/\/www.ata-divisions.org\/ND\/wordpress\/?page_id=36"},"modified":"2025-08-17T11:57:56","modified_gmt":"2025-08-17T11:57:56","slug":"online-resources","status":"publish","type":"page","link":"https:\/\/www.ata-divisions.org\/ND\/online-resources\/","title":{"rendered":"Online Resources"},"content":{"rendered":"<p><b>Nordic Co-ordination\/Cooperation<br \/>\n<\/b><span style=\"font-weight: 400;\"><a href=\"https:\/\/www.norden.org\">Nordiska R\u00e5det<br \/>\n<\/a><\/span><span style=\"font-weight: 400;\"><a href=\"https:\/\/www.norden.org\/en\/language\">Nordic Language Co-operation<\/a><\/span><\/p>\n<p><b>Language Councils<br \/>\n<\/b><span style=\"font-weight: 400;\"><a href=\"https:\/\/www.dsn.dk\">Dansk Sprognaevn<br \/>\n<\/a><\/span><span style=\"font-weight: 400;\"><a href=\"https:\/\/www.sprakinstitutet.fi\">Kotimaisten kielten keskus\/Institutet f\u00f6r de inhemska spr\u00e5ken<\/a><br \/>\n<a href=\"https:\/\/islenskan.is\">\u00cdslensk m\u00e1lnefnd<\/a><br \/>\n<\/span><span style=\"font-weight: 400;\"><a href=\"https:\/\/www.sprakradet.no\/\">Spr\u00e5kr\u00e5det (Norway)<br \/>\n<\/a><\/span><a href=\"https:\/\/www.isof.se\">Spr\u00e5kr\u00e5det &#8211; Institutet f\u00f6r spr\u00e5k och folkminnen<\/a><a href=\"https:\/\/www.sprakochfolkminnen.se\"> (Sweden)<\/a><\/p>\n<p><b>Terminology\u00a0Institutes<br \/>\n<\/b><a href=\"https:\/\/www.arnastofnun.is\/en\/institute\">\u00c1rni Magn\u00fasson Institute for Icelandic Studies<br \/>\n<\/a><a href=\"https:\/\/www.danterm.dk\/\">Danterm<\/a><a href=\"https:\/\/www.nordterm.net\/\"><br \/>\nNordterm<br \/>\n<\/a><a href=\"https:\/\/www.tsk.fi\/tsk\/sv\/\">Terminologicentralen TSK<\/a><br \/>\n<a href=\"https:\/\/terminologiframjandet.se\/h552a9FtZ\/\">Terminologifr\u00e4mjandet<\/a><\/p>\n<p><strong>Online Dictionaries<br \/>\n<\/strong><em>Danish<br \/>\n<\/em><a href=\"https:\/\/ordnet.dk\/ddo\/forside\">Den Danske Ordbog<\/a><br \/>\n<a href=\"https:\/\/sproget.dk\">sproget.dk<br \/>\n<\/a><a href=\"https:\/\/dsn.dk\/ro\/\">Retskrivningsordbogen<br \/>\n<\/a><a href=\"https:\/\/ordnet.dk\/ods\">Ordbog over det danske Sprog<\/a><\/p>\n<p><em>Finnish<br \/>\n<\/em><a href=\"https:\/\/www.kielitoimistonsanakirja.fi\/netmot.exe?motportal=80\">Kielitoimiston sanakirja<br \/>\n<\/a><a href=\"https:\/\/mot.kielikone.fi\/mot\/valter\/netmot.exe?UI=fi80\">Valter<\/a><a href=\"https:\/\/mot.kielikone.fi\/mot\/valter\/netmot.exe?UI=fi80\"> &#8211; valtioneuvoston termipankki (Government Termbank)<\/a><em><br \/>\n<\/em><\/p>\n<p><em>Icelandic<br \/>\n<\/em><a href=\"https:\/\/islex.arnastofnun.is\/se\/\">Islex<\/a><a href=\"https:\/\/islex.lexis.hi.is\/islex\/se\"><br \/>\n<\/a><a href=\"https:\/\/islenskordabok.arnastofnun.is\/\">\u00cdslensk n\u00fat\u00edmam\u00e1lsor\u00f0ab\u00f3k<\/a><br \/>\n<a href=\"https:\/\/www.arnastofnun.is\/is\/islenskar-ordabaekur\">\u00cdslenskar or\u00f0ab\u00e6kur<\/a><\/p>\n<p><em>Norwegian<br \/>\n<\/em><a href=\"https:\/\/ordbok.uib.no\">Bokm\u00e5lsordboka\/Nynorskordboka<br \/>\n<\/a><a href=\"https:\/\/alfa.norsk-ordbok.no\/?men=noob&amp;mc0=vno&amp;mc1=ah\">Norsk Ordbok<\/a><br \/>\n<a href=\"https:\/\/www.sprakradet.no\/Sprakarbeid\/Terminologi\/termlister-og-termbaser\/\">Spr\u00e5kr\u00e5det&#8217;s collection of termbases<\/a><\/p>\n<p><em>Swedish<br \/>\n<\/em><a href=\"https:\/\/www.rikstermbanken.se\/\">Rikstermbanken<\/a><br \/>\n<a href=\"https:\/\/www.svenskaakademien.se\/svenska-spraket\/svenska-akademiens-ordlista-saol\">SAOL<br \/>\n<\/a><a href=\"https:\/\/svenska.se\/\">Svenska.se<\/a> &#8211; web search tool for SAOL, SO and SAOB<\/p>\n<p><em>Multilingual dictionaries etc.<br \/>\n<\/em><a href=\"https:\/\/iate.europa.eu\/home\">IATE<\/a><br \/>\n<a href=\"https:\/\/learn.microsoft.com\/en-us\/globalization\/reference\/microsoft-language-resources\">Microsoft Language Resources<\/a><br \/>\n<a href=\"https:\/\/termcoord.eu\/discover\/glossaries-by-eu-institutions-and-bodies\/\">Termcoord: glossaries from EU institutions and bodies<\/a><br \/>\n<a href=\"https:\/\/www.eurotermbank.com\/collections\/824\">Esterm\u00a0multilingual termbase<\/a>, mostly legal and EU related terms (EN\/FR\/DE\/FI\/ET, managed by Estonian Language Institute)<\/p>\n<p><em>Specialized dictionaries<\/em><br \/>\n<a href=\"https:\/\/www.domstol.se\/om-sveriges-domstolar\/for-dig-som-aktor-i-domstol\/stod-for-aktorer-i-domstol\/ordlistor\/svenskengelsk-ordlista-for-sveriges-domstolar\/\">Glossary for the Courts of Sweden<\/a>\u00a0terms in SV\/EN<br \/>\n<a href=\"https:\/\/isi-web.org\/glossary\">International Statistical Institute (ISI)<\/a> statistical terms in EN\/DA\/NO\/SV\/IS\/ET and more<br \/>\n<a href=\"https:\/\/sonaveeb.ee\/ds\/mil\/E\">Militerm\u00a0multilingual termbase<\/a>,\u00a0terms related to military and defense (EN\/FR\/DE\/ET, managed by Estonian Language Institute)<\/p>\n<p><b>Plain language<br \/>\n<\/b><em>Danish<br \/>\n<\/em><a href=\"https:\/\/dsn.dk\/\">Dansk Sprogn\u00e6vn<\/a><\/p>\n<p><em>Finnish<br \/>\n<\/em><a href=\"https:\/\/www.sprakinstitutet.fi\">Kotimaisten kielten keskus\/Institutet f\u00f6r de inhemska spr\u00e5ken<\/a><\/p>\n<p><em>Icelandic<br \/>\n<\/em><a href=\"https:\/\/islenskan.is\">\u00cdslensk m\u00e1lnefnd<\/a><\/p>\n<p><em>Norwegian<br \/>\n<\/em><a href=\"https:\/\/www.sprakradet.no\/klarsprak\/\">Klarspr\u00e5k <\/a><em><br \/>\n<\/em><\/p>\n<p><span style=\"font-weight: 400;\"><em>Swedish<br \/>\n<\/em><\/span><a href=\"https:\/\/www.isof.se\/svenska-spraket\/klarsprak\/bulletinen-klarsprak\"><span style=\"font-weight: 400;\">Bulletinen Klarspr\u00e5k<br \/>\n<\/span><\/a><a href=\"https:\/\/www.isof.se\/svenska-spraket\/klarsprak\">Spr\u00e5kr\u00e5dets klarspr\u00e5kssida<\/a><\/p>\n<p><b>Language recommendations<br \/>\n<\/b><em>Danish<br \/>\n<\/em><a href=\"https:\/\/sproget.dk\/sprogviden\/spoergsmaal-og-svar\/\">Sproget.dk<\/a><em><br \/>\n<\/em><\/p>\n<p><em>Finnish<br \/>\n<\/em><a href=\"https:\/\/www.sprakinstitutet.fi\/sv\/sprakhjalp\">Kotimaisten kielten keskus\/Institutet f\u00f6r de inhemska spr\u00e5ken<br \/>\n<\/a><a href=\"https:\/\/www.mediesprak.fi\">Mediespr\u00e5k<\/a><\/p>\n<p><em>Icelandic<br \/>\n<\/em><a href=\"https:\/\/www.arnastofnun.is\/en\/institute\">\u00c1rni Magn\u00fasson Institute for Icelandic Studies<\/a><em><br \/>\n<\/em><\/p>\n<p><em>Norwegian<br \/>\n<\/em><a href=\"https:\/\/www.sprakradet.no\/sprakhjelp\/Skriverad\/\">Skriver\u00e5d Spr\u00e5kr\u00e5det<br \/>\n<\/a><a href=\"https:\/\/www.sprakradet.no\/sprakhjelp\/Skriveregler\/NRK\/\">Spr\u00e5kregler i NRK<\/a><em><br \/>\n<\/em><\/p>\n<p><span style=\"font-weight: 400;\"><em>Swedish<br \/>\n<\/em><\/span><a href=\"https:\/\/www.isof.se\/utforska\/vagledningar\/myndigheternas-skrivregler\"><span style=\"font-weight: 400;\">Myndigheternas skrivregler<br \/>\n<\/span><\/a><span style=\"font-weight: 400;\"><a href=\"https:\/\/www.regeringen.se\/informationsmaterial\/2024\/04\/utrikes-namnbok\/\">Utrikes namnbok<br \/>\n<\/a><\/span><b><br \/>\n<\/b><\/p>\n<p><strong>EU information<\/strong><\/p>\n<p><em>General<br \/>\n<\/em><a href=\"https:\/\/publications.europa.eu\/code\/en\/en-390500.htm\">Names of institutions, bodies and agencies of the European Union<\/a><br \/>\nInterinstitutional Style Guide <a href=\"https:\/\/publications.europa.eu\/code\/da\/da-390500.htm\">DA<\/a> <a href=\"https:\/\/publications.europa.eu\/code\/et\/et-390500.htm\">ET<\/a>\u00a0<a href=\"https:\/\/publications.europa.eu\/code\/fi\/fi-390500.htm\">FI<\/a> <a href=\"https:\/\/publications.europa.eu\/code\/sv\/sv-390500.htm\">SV<\/a><\/p>\n<p><em>European legislation<br \/>\n<\/em><a href=\"https:\/\/eur-lex.europa.eu\/homepage.html\">EUR-Lex<\/a> &#8211; Access to European Union law<br \/>\n<a href=\"https:\/\/eur-lex.europa.eu\/n-lex\/\">N-Lex<\/a> &#8211; A common gateway to national law<br \/>\n<a href=\"https:\/\/curia.europa.eu\/juris\/recherche.jsf?cid=754437\">InfoCuria<\/a> &#8211; Case-law of the Court of Justice<\/p>\n<p><strong>The national judicial systems<\/strong><\/p>\n<p><em>Denmark<br \/>\n<\/em><a href=\"https:\/\/www.domstol.dk\/?embed=true\">The Courts of Denmark\/T\u00e6t p\u00e5 Danmarks domstole<\/a><br \/>\n<a href=\"https:\/\/www.retsinformation.dk\/\">Retsinformation<\/a> &#8211; Danish legal database<\/p>\n<p><em>Estonia<br \/>\n<\/em><a href=\"https:\/\/www.estlex.ee\/\">Estlex<br \/>\n<\/a><a href=\"https:\/\/www.riigiteataja.ee\/en\/\">Riigi Teataja (State Gazette) EN page<\/a> &#8211; with EN translations of ET legal acts (and EN\/ET parallel texts)<\/p>\n<p><em>Finland<br \/>\n<\/em><a href=\"https:\/\/www.edilex.fi\/\">Edilex<\/a><br \/>\n<a href=\"https:\/\/www.finlex.fi\/fi\/\">Finlex<\/a><\/p>\n<p><em>Sweden<br \/>\n<\/em>The Swedish Parliament &#8211; Documents and laws <a href=\"https:\/\/www.riksdagen.se\/en\/documents-and-laws\/\">EN<\/a> + <a href=\"https:\/\/www.riksdagen.se\/sv\/dokument-lagar\/\">SV<\/a><em><br \/>\n<\/em> <a href=\"https:\/\/www.domstol.se\">The Swedish Courts<\/a> website in EN + SV<\/p>\n<p><em>The US<br \/>\n<\/em><a href=\"https:\/\/www.uscourts.gov\/sites\/default\/files\/understanding-federal-courts.pdf\">Understanding the Federal Courts<\/a> publication from the Administrative Office of the US\u00a0Courts<\/p>\n<p><b>Trade chambers\u00a0etc.<br \/>\n<\/b><a href=\"https:\/\/amcham.dk\/\">AmCham Denmark<br \/>\n<\/a><a href=\"https:\/\/amcham.fi\">AmCham Finland<\/a><a href=\"https:\/\/www.amcham.se\/\"><br \/>\nAmerican Chamber of Commerce in Sweden<br \/>\n<\/a><a href=\"https:\/\/www.icechamberusa.com\/\">Icelandic-American Chamber of Commerce<\/a><a href=\"https:\/\/www.amcham.se\/\"><br \/>\n<\/a><a href=\"https:\/\/www.daccny.com\/\">Danish American Chamber of Commerce<br \/>\n<\/a><a href=\"https:\/\/facc-dc.weebly.com\/\">Finnish American Chamber of Commerce, Washington DC<\/a><a href=\"https:\/\/www.amcham.se\/\"><br \/>\n<\/a><a href=\"https:\/\/www.naccusa.org\/\">Norwegian American Chamber of Commerce<\/a><\/p>\n<p>&nbsp;<\/p>\n<p><img loading=\"lazy\" decoding=\"async\" class=\"alignnone size-medium wp-image-20 alignright\" src=\"https:\/\/www.ata-divisions.org\/ND\/wordpress\/wp-content\/uploads\/2017\/02\/13103285_10154450116900101_5304873958220009736_n-300x190.jpg\" alt=\"\" width=\"300\" height=\"190\" srcset=\"https:\/\/www.ata-divisions.org\/ND\/wp-content\/uploads\/2017\/02\/13103285_10154450116900101_5304873958220009736_n-300x190.jpg 300w, https:\/\/www.ata-divisions.org\/ND\/wp-content\/uploads\/2017\/02\/13103285_10154450116900101_5304873958220009736_n-768x486.jpg 768w, https:\/\/www.ata-divisions.org\/ND\/wp-content\/uploads\/2017\/02\/13103285_10154450116900101_5304873958220009736_n.jpg 960w\" sizes=\"auto, (max-width: 300px) 100vw, 300px\" \/><\/p>\n","protected":false},"excerpt":{"rendered":"<p>Nordic Co-ordination\/Cooperation Nordiska R\u00e5det Nordic Language Co-operation Language Councils Dansk Sprognaevn Kotimaisten kielten keskus\/Institutet f\u00f6r de inhemska spr\u00e5ken \u00cdslensk m\u00e1lnefnd Spr\u00e5kr\u00e5det (Norway) Spr\u00e5kr\u00e5det &#8211; Institutet f\u00f6r spr\u00e5k och folkminnen (Sweden) Terminology\u00a0Institutes \u00c1rni Magn\u00fasson Institute for Icelandic Studies Danterm Nordterm Terminologicentralen TSK Terminologifr\u00e4mjandet Online Dictionaries Danish Den Danske Ordbog sproget.dk Retskrivningsordbogen Ordbog over det danske Sprog [&hellip;]<\/p>\n","protected":false},"author":3,"featured_media":0,"parent":0,"menu_order":0,"comment_status":"closed","ping_status":"closed","template":"","meta":{"_genesis_hide_title":false,"_genesis_hide_breadcrumbs":false,"_genesis_hide_singular_image":false,"_genesis_hide_footer_widgets":false,"_genesis_custom_body_class":"","_genesis_custom_post_class":"","_genesis_layout":"","jetpack_post_was_ever_published":false,"footnotes":""},"class_list":{"0":"post-36","1":"page","2":"type-page","3":"status-publish","5":"entry"},"jetpack_sharing_enabled":true,"jetpack_shortlink":"https:\/\/wp.me\/P8Qw8G-A","_links":{"self":[{"href":"https:\/\/www.ata-divisions.org\/ND\/wp-json\/wp\/v2\/pages\/36","targetHints":{"allow":["GET"]}}],"collection":[{"href":"https:\/\/www.ata-divisions.org\/ND\/wp-json\/wp\/v2\/pages"}],"about":[{"href":"https:\/\/www.ata-divisions.org\/ND\/wp-json\/wp\/v2\/types\/page"}],"author":[{"embeddable":true,"href":"https:\/\/www.ata-divisions.org\/ND\/wp-json\/wp\/v2\/users\/3"}],"replies":[{"embeddable":true,"href":"https:\/\/www.ata-divisions.org\/ND\/wp-json\/wp\/v2\/comments?post=36"}],"version-history":[{"count":40,"href":"https:\/\/www.ata-divisions.org\/ND\/wp-json\/wp\/v2\/pages\/36\/revisions"}],"predecessor-version":[{"id":3050,"href":"https:\/\/www.ata-divisions.org\/ND\/wp-json\/wp\/v2\/pages\/36\/revisions\/3050"}],"wp:attachment":[{"href":"https:\/\/www.ata-divisions.org\/ND\/wp-json\/wp\/v2\/media?parent=36"}],"curies":[{"name":"wp","href":"https:\/\/api.w.org\/{rel}","templated":true}]}}