{"id":20,"date":"2017-08-04T01:32:06","date_gmt":"2017-08-04T01:32:06","guid":{"rendered":"https:\/\/www.ata-divisions.org\/PLD\/?page_id=20"},"modified":"2017-09-22T01:32:50","modified_gmt":"2017-09-22T01:32:50","slug":"resources","status":"publish","type":"page","link":"https:\/\/www.ata-divisions.org\/PLD\/resources\/","title":{"rendered":"RESOURCES"},"content":{"rendered":"<p><strong>NEWSLETTER ARCHIVES<\/strong><\/p>\n<ul>\n<li>Read\u00a0<a href=\"https:\/\/www.dropbox.com\/sh\/u40hw3yiyznw4mw\/AABkwnMr7YYNrwnLu9oRQvoua?dl=0\">here<\/a>\u00a0excellent articles written by\u00a0PLD members from 1992 to 2013.<\/li>\n<\/ul>\n<p><strong>PODCASTS<\/strong><\/p>\n<ul>\n<li><a href=\"https:\/\/www.ata-divisions.org\/PLD\/category\/shop-talk\/\">PLDShopTalk<\/a>\u00a0\u2013 The Portuguese Language Division podcasts<\/li>\n<li><a href=\"https:\/\/www.ata-divisions.org\/PLD\/podcastland\/\">Podcastland<\/a>\u00a0\u2013 A list of podcasts\u00a0of relevance to translators and interpreters<\/li>\n<\/ul>\n<p><strong>ASSOCIATIONS<\/strong><\/p>\n<ul>\n<li><a href=\"https:\/\/www.atanet.org\/\" target=\"_blank\" rel=\"noopener\">ATA \u2013 American Translators Association<\/a><\/li>\n<li><a href=\"https:\/\/www.abrates.com.br\/\" target=\"_blank\" rel=\"noopener\">ABRATES \u2013 Associa\u00e7\u00e3o Brasileira de Tradutores<\/a><\/li>\n<li><a href=\"https:\/\/aiic.net\/\" target=\"_blank\" rel=\"noopener\">AIIC \u2013 International Association of Conference Interpreters<\/a><\/li>\n<li><a href=\"https:\/\/www.apic.org.br\/\" target=\"_blank\" rel=\"noopener\">APIC \u2013 Associa\u00e7\u00e3o Profissional de Int\u00e9rpretes de Confer\u00eancia<\/a><\/li>\n<li><a href=\"https:\/\/fit-ift.org.dedi303.nur4.host-h.net\/inde\" target=\"_blank\" rel=\"noopener\">FIT \u2013 International Federation of Translators<\/a><\/li>\n<li><a href=\"https:\/\/www.sintra.org.br\/site\/index.php\" target=\"_blank\" rel=\"noopener\">SINTRA \u2013 Sindicato Nacional dos Tradutores<\/a><\/li>\n<\/ul>\n<p><strong>LANGUAGE<\/strong><\/p>\n<ul>\n<li><a href=\"https:\/\/www2.anac.gov.br\/anacpedia\/\" target=\"_blank\" rel=\"noopener\">ANACpedia<\/a><\/li>\n<li><a href=\"https:\/\/www.aulete.com.br\/\" target=\"_blank\" rel=\"noopener\">Dicion\u00e1rio Aulete<\/a><\/li>\n<li><a href=\"https:\/\/www.dicionariodoaurelio.com\/\" target=\"_blank\" rel=\"noopener\">Dicion\u00e1rio do Aur\u00e9lio<\/a><\/li>\n<li><a href=\"https:\/\/dicionariocriativo.com.br\/\" target=\"_blank\" rel=\"noopener\">Dicion\u00e1rio Criativo<\/a><\/li>\n<li><a href=\"https:\/\/www.corpusdoportugues.org\/\" target=\"_blank\" rel=\"noopener\">Corpus do Portugu\u00eas<\/a><\/li>\n<li><a href=\"https:\/\/www.academia.org.br\/nossa-lingua\/busca-no-vocabulario\" target=\"_blank\" rel=\"noopener\">VOLP \u2013 Vocabul\u00e1rio Ortogr\u00e1fico da L\u00edngua Portuguesa (PT-BR)<\/a><\/li>\n<li><a href=\"https:\/\/www.portaldalinguaportuguesa.org\/vop.html\" target=\"_blank\" rel=\"noopener\">VOP \u2013 Vocabul\u00e1rio Ortogr\u00e1fico do Portugu\u00eas (PT-PT)<\/a><\/li>\n<\/ul>\n<p><strong>PLD MEMBER BLOG TREKKER<\/strong><\/p>\n<ul>\n<li>See\u00a0<a href=\"https:\/\/www.ata-divisions.org\/PLD\/blog-trekker\/\">here<\/a>\u00a0a list of translation and interpreting blogs by our PLD members.<\/li>\n<\/ul>\n<p><strong>PROFESSION<\/strong><\/p>\n<ul>\n<li><a href=\"https:\/\/www.tradwiki.net.br\/TradWiki_%E2%80%94_A_Enciclop%C3%A9dia_da_Tradu%C3%A7%C3%A3o\" target=\"_blank\" rel=\"noopener\">TradWiki \u2013 A enciclop\u00e9dia da tradu\u00e7\u00e3o<\/a><\/li>\n<li><a href=\"https:\/\/portal.unesco.org\/en\/ev.php-URL_ID=13089&amp;URL_DO=DO_TOPIC&amp;URL_SECTION=201.html\" target=\"_blank\" rel=\"noopener\">Translator\u2019s Bill of Rights (UNESCO)<\/a><\/li>\n<li><a href=\"https:\/\/www.translatortips.com\/\" target=\"_blank\" rel=\"noopener\">Translator Tips<\/a><\/li>\n<li><a href=\"https:\/\/translationjournal.net\/journal\/\" target=\"_blank\" rel=\"noopener\">Translation Journal<\/a><\/li>\n<\/ul>\n","protected":false},"excerpt":{"rendered":"<p>NEWSLETTER ARCHIVES Read\u00a0here\u00a0excellent articles written by\u00a0PLD members from 1992 to 2013. PODCASTS PLDShopTalk\u00a0\u2013 The Portuguese Language Division podcasts Podcastland\u00a0\u2013 A list of podcasts\u00a0of relevance to translators and interpreters ASSOCIATIONS ATA \u2013 American Translators Association ABRATES \u2013 Associa\u00e7\u00e3o Brasileira de Tradutores AIIC \u2013 International Association of Conference Interpreters APIC \u2013 Associa\u00e7\u00e3o Profissional de Int\u00e9rpretes de Confer\u00eancia [&hellip;]<\/p>\n","protected":false},"author":3,"featured_media":0,"parent":0,"menu_order":0,"comment_status":"closed","ping_status":"closed","template":"","meta":{"_monsterinsights_skip_tracking":false,"_monsterinsights_sitenote_active":false,"_monsterinsights_sitenote_note":"","_monsterinsights_sitenote_category":0,"_genesis_hide_title":false,"_genesis_hide_breadcrumbs":false,"_genesis_hide_singular_image":false,"_genesis_hide_footer_widgets":false,"_genesis_custom_body_class":"","_genesis_custom_post_class":"","_genesis_layout":"","footnotes":""},"class_list":{"0":"post-20","1":"page","2":"type-page","3":"status-publish","5":"entry"},"_links":{"self":[{"href":"https:\/\/www.ata-divisions.org\/PLD\/wp-json\/wp\/v2\/pages\/20","targetHints":{"allow":["GET"]}}],"collection":[{"href":"https:\/\/www.ata-divisions.org\/PLD\/wp-json\/wp\/v2\/pages"}],"about":[{"href":"https:\/\/www.ata-divisions.org\/PLD\/wp-json\/wp\/v2\/types\/page"}],"author":[{"embeddable":true,"href":"https:\/\/www.ata-divisions.org\/PLD\/wp-json\/wp\/v2\/users\/3"}],"replies":[{"embeddable":true,"href":"https:\/\/www.ata-divisions.org\/PLD\/wp-json\/wp\/v2\/comments?post=20"}],"version-history":[{"count":5,"href":"https:\/\/www.ata-divisions.org\/PLD\/wp-json\/wp\/v2\/pages\/20\/revisions"}],"predecessor-version":[{"id":607,"href":"https:\/\/www.ata-divisions.org\/PLD\/wp-json\/wp\/v2\/pages\/20\/revisions\/607"}],"wp:attachment":[{"href":"https:\/\/www.ata-divisions.org\/PLD\/wp-json\/wp\/v2\/media?parent=20"}],"curies":[{"name":"wp","href":"https:\/\/api.w.org\/{rel}","templated":true}]}}