{"id":604,"date":"2017-09-22T01:31:08","date_gmt":"2017-09-22T01:31:08","guid":{"rendered":"https:\/\/www.ata-divisions.org\/PLD\/?page_id=604"},"modified":"2017-09-22T01:31:08","modified_gmt":"2017-09-22T01:31:08","slug":"blog-trekker","status":"publish","type":"page","link":"https:\/\/www.ata-divisions.org\/PLD\/blog-trekker\/","title":{"rendered":"Blog Trekker"},"content":{"rendered":"<p>We are compiling a list of blogs related to translation and interpreting kept by our PLD members. Please contact us to report problematic links or to suggest other blogs.<\/p>\n<h2>Blogs in English<\/h2>\n<p><strong><a href=\"https:\/\/www.atifnews.wordpress.com\/\" target=\"_blank\" rel=\"noopener\">ATIF News<\/a><\/strong>, managed by\u00a0<a href=\"https:\/\/atanet.org\/onlinedirectories\/tsd_listings\/tsd_view.fpl?id=2434\" target=\"_blank\" rel=\"noopener\">Giovanna Lester<\/a><\/p>\n<p><strong><a href=\"https:\/\/www.corporatranslations.com\/blog\">Corpora Translations Blog<\/a><\/strong>, by\u00a0<a href=\"https:\/\/www.atanet.org\/onlinedirectories\/tsd_listings\/tsd_view.fpl?id=13429\">Mirna Soares Andrade<\/a>\u00a0and\u00a0<a href=\"https:\/\/www.atanet.org\/listing\/17136\" target=\"_blank\" rel=\"noopener\">Beatriz Figueiredo<\/a><\/p>\n<p><a href=\"https:\/\/multimediatranslation.org\/blog\" target=\"_blank\" rel=\"noopener\"><strong>Multimedia Translation<\/strong><\/a>, by\u00a0<a href=\"https:\/\/www.atanet.org\/onlinedirectories\/tsd_listings\/tsd_view.fpl?id=12627\" target=\"_blank\" rel=\"noopener\">Carolina Alfaro de Carvalho<\/a><\/p>\n<p><strong><a href=\"https:\/\/www.najit.org\/blog\" target=\"_blank\" rel=\"noopener\">NAJIT Blog<\/a><\/strong>, by\u00a0<a href=\"https:\/\/atanet.org\/onlinedirectories\/tsd_listings\/tsd_view.fpl?id=2434\" target=\"_blank\" rel=\"noopener\">Giovanna Lester<\/a><\/p>\n<p><strong><a href=\"https:\/\/www.translationclientzone.com\/\" target=\"_blank\" rel=\"noopener\">Translation Client Zone<\/a><\/strong>, by\u00a0<a href=\"https:\/\/www.atanet.org\/onlinedirectories\/tsd_listings\/tsd_view.fpl?id=11825\" target=\"_blank\" rel=\"noopener\">Bianca Bold<\/a><\/p>\n<p><strong><a href=\"https:\/\/www.trincentury.wordpress.com\/\" target=\"_blank\" rel=\"noopener\">TRIN (Translating and Interpreting)<\/a><\/strong>, by\u00a0<a href=\"https:\/\/www.atanet.org\/onlinedirectories\/tsd_listings\/tsd_view.fpl?id=11586\" target=\"_blank\" rel=\"noopener\">Cristiano Mazzei<\/a><\/p>\n<p><strong><a href=\"https:\/\/youreatranslatorwhen.tumblr.com\/\" target=\"_blank\" rel=\"noopener\">You\u2019re a Translator When\u2026<\/a><\/strong>, by\u00a0<a href=\"https:\/\/www.atanet.org\/membersonly\/mem_view.fpl?id=111032&amp;type=Ind\" target=\"_blank\" rel=\"noopener\">Michele Santiago<\/a><\/p>\n<p><img loading=\"lazy\" decoding=\"async\" class=\" wp-image-278 aligncenter\" src=\"https:\/\/pldata.net\/wp-content\/uploads\/2010\/10\/divider.png\" alt=\"\" width=\"154\" height=\"28\" \/><\/p>\n<h2>Blogs in Portuguese<\/h2>\n<p><strong><a href=\"https:\/\/artedatraducao.blogspot.com.br\/\" target=\"_blank\" rel=\"noopener\">A Arte da Tradu\u00e7\u00e3o<\/a><\/strong>, by\u00a0<a href=\"https:\/\/www.atanet.org\/onlinedirectories\/tsd_listings\/tsd_view.fpl?id=12627\" target=\"_blank\" rel=\"noopener\">Carolina Alfaro de Carvalho<\/a><\/p>\n<p><strong><a href=\"https:\/\/www.corporatraducoes.com.br\/blog\">Blog da Corpora Tradu\u00e7\u00f5es<\/a><\/strong>, by\u00a0<a href=\"https:\/\/www.atanet.org\/onlinedirectories\/tsd_listings\/tsd_view.fpl?id=13429\">Mirna Soares Andrade<\/a>\u00a0and\u00a0<a href=\"https:\/\/www.atanet.org\/listing\/17136\" target=\"_blank\" rel=\"noopener\">Beatriz Figueiredo<\/a><\/p>\n<p><strong><a href=\"https:\/\/janelatradutoria.wordpress.com\/\" target=\"_blank\" rel=\"noopener\">Janela Tradut\u00f3ria (Blog do Janel\u00e3o)<\/a><\/strong>, by\u00a0<a href=\"https:\/\/www.atanet.org\/membersonly\/mem_view.fpl?id=101448&amp;type=Ind\" target=\"_blank\" rel=\"noopener\">Adriana Machado<\/a>,\u00a0<a href=\"https:\/\/www.atanet.org\/membersonly\/mem_view.fpl?id=60372&amp;type=Ind\" target=\"_blank\" rel=\"noopener\">Ana Iaria<\/a>,\u00a0<a href=\"https:\/\/www.atanet.org\/membersonly\/mem_view.fpl?id=102404&amp;type=Ind\" target=\"_blank\" rel=\"noopener\">Juliana Samel<\/a>,\u00a0<a href=\"https:\/\/www.atanet.org\/onlinedirectories\/tsd_listings\/tsd_view.fpl?id=14432\" target=\"_blank\" rel=\"noopener\">Thays Mielli<\/a>,\u00a0<a href=\"https:\/\/www.atanet.org\/onlinedirectories\/tsd_listings\/tsd_view.fpl?id=12192\" target=\"_blank\" rel=\"noopener\">Val Ivonica<\/a>,\u00a0<a href=\"https:\/\/www.atanet.org\/membersonly\/mem_view.fpl?id=109902&amp;type=Ind\" target=\"_blank\" rel=\"noopener\">William Cassemiro<\/a><\/p>\n<p><strong><a href=\"https:\/\/tradutoraingport.wordpress.com\/\" target=\"_blank\" rel=\"noopener\">N\u00f3s da Tradu\u00e7\u00e3o<\/a><\/strong>, by\u00a0<a href=\"https:\/\/www.atanet.org\/onlinedirectories\/tsd_listings\/tsd_view.fpl?id=15476\" target=\"_blank\" rel=\"noopener\">Sheila Cristine Gomes<\/a><\/p>\n<p><strong><a href=\"https:\/\/parabolaexmachina.blogspot.com.br\/\" target=\"_blank\" rel=\"noopener\">Parabola Ex Machina<\/a><\/strong>, by\u00a0<a href=\"https:\/\/www.atanet.org\/membersonly\/mem_view.fpl?id=96684&amp;type=Ind\" target=\"_blank\" rel=\"noopener\">Ricardo Souza<\/a><\/p>\n<p><strong><a href=\"https:\/\/www.traducaoviaval.com.br\/\" target=\"_blank\" rel=\"noopener\">Tradu\u00e7\u00e3o Via Val<\/a><\/strong>, by\u00a0<a href=\"https:\/\/www.atanet.org\/onlinedirectories\/tsd_listings\/tsd_view.fpl?id=12192\" target=\"_blank\" rel=\"noopener\">Val Ivonica<\/a><\/p>\n<p><strong><a href=\"https:\/\/www.tradutorprofissional.com\/\" target=\"_blank\" rel=\"noopener\">Tradutor Profissional<\/a><\/strong>, by\u00a0<a href=\"https:\/\/www.atanet.org\/onlinedirectories\/tsd_listings\/tsd_view.fpl?id=15037\" target=\"_blank\" rel=\"noopener\">Kelli Semolini<\/a><\/p>\n<p><strong><a href=\"https:\/\/umtradutorquando.tumblr.com\/\" target=\"_blank\" rel=\"noopener\">Um tradutor quando\u2026<\/a><\/strong>, by\u00a0<a href=\"https:\/\/www.atanet.org\/membersonly\/mem_view.fpl?id=111032&amp;type=Ind\" target=\"_blank\" rel=\"noopener\">Michele Santiago<\/a><\/p>\n<p><img loading=\"lazy\" decoding=\"async\" class=\"aligncenter\" src=\"https:\/\/pldata.net\/wp-content\/uploads\/2010\/10\/divider.png\" alt=\"\" width=\"154\" height=\"28\" \/><\/p>\n<h2>Blogs in English\/Portuguese<\/h2>\n<p><strong><a href=\"https:\/\/www.anaiaria.com\/\" target=\"_blank\" rel=\"noopener\">Ana Iaria\u2019s Blog<\/a><\/strong>, by\u00a0<a href=\"https:\/\/www.atanet.org\/membersonly\/mem_view.fpl?id=60372&amp;type=Ind\" target=\"_blank\" rel=\"noopener\">Ana Iaria<\/a><\/p>\n<p><strong><a href=\"https:\/\/www.allinportuguese.com\/blog\" target=\"_blank\" rel=\"noopener\">ALL in Portuguese<\/a><\/strong>, by\u00a0<a href=\"https:\/\/www.atanet.org\/onlinedirectories\/tsd_listings\/tsd_view.fpl?id=9646\" target=\"_blank\" rel=\"noopener\">Cris Silva<\/a><\/p>\n<p><strong><a href=\"https:\/\/bit.ly\/literarynews\" target=\"_blank\" rel=\"noopener\">Literary News<\/a><\/strong>, by\u00a0<a href=\"https:\/\/www.atanet.org\/onlinedirectories\/tsd_listings\/tsd_view.fpl?id=9182\" target=\"_blank\" rel=\"noopener\">Rafa Lombardino<\/a><\/p>\n","protected":false},"excerpt":{"rendered":"<p>We are compiling a list of blogs related to translation and interpreting kept by our PLD members. Please contact us to report problematic links or to suggest other blogs. Blogs in English ATIF News, managed by\u00a0Giovanna Lester Corpora Translations Blog, by\u00a0Mirna Soares Andrade\u00a0and\u00a0Beatriz Figueiredo Multimedia Translation, by\u00a0Carolina Alfaro de Carvalho NAJIT Blog, by\u00a0Giovanna Lester Translation [&hellip;]<\/p>\n","protected":false},"author":3,"featured_media":0,"parent":0,"menu_order":0,"comment_status":"closed","ping_status":"closed","template":"","meta":{"_monsterinsights_skip_tracking":false,"_monsterinsights_sitenote_active":false,"_monsterinsights_sitenote_note":"","_monsterinsights_sitenote_category":0,"_genesis_hide_title":false,"_genesis_hide_breadcrumbs":false,"_genesis_hide_singular_image":false,"_genesis_hide_footer_widgets":false,"_genesis_custom_body_class":"","_genesis_custom_post_class":"","_genesis_layout":"","footnotes":""},"class_list":{"0":"post-604","1":"page","2":"type-page","3":"status-publish","5":"entry"},"_links":{"self":[{"href":"https:\/\/www.ata-divisions.org\/PLD\/wp-json\/wp\/v2\/pages\/604","targetHints":{"allow":["GET"]}}],"collection":[{"href":"https:\/\/www.ata-divisions.org\/PLD\/wp-json\/wp\/v2\/pages"}],"about":[{"href":"https:\/\/www.ata-divisions.org\/PLD\/wp-json\/wp\/v2\/types\/page"}],"author":[{"embeddable":true,"href":"https:\/\/www.ata-divisions.org\/PLD\/wp-json\/wp\/v2\/users\/3"}],"replies":[{"embeddable":true,"href":"https:\/\/www.ata-divisions.org\/PLD\/wp-json\/wp\/v2\/comments?post=604"}],"version-history":[{"count":1,"href":"https:\/\/www.ata-divisions.org\/PLD\/wp-json\/wp\/v2\/pages\/604\/revisions"}],"predecessor-version":[{"id":605,"href":"https:\/\/www.ata-divisions.org\/PLD\/wp-json\/wp\/v2\/pages\/604\/revisions\/605"}],"wp:attachment":[{"href":"https:\/\/www.ata-divisions.org\/PLD\/wp-json\/wp\/v2\/media?parent=604"}],"curies":[{"name":"wp","href":"https:\/\/api.w.org\/{rel}","templated":true}]}}